{"id":10,"date":"2025-06-19T16:02:06","date_gmt":"2025-06-19T16:02:06","guid":{"rendered":"https:\/\/carniceriaivan.rkinformatika.online\/?page_id=10"},"modified":"2025-06-20T08:31:08","modified_gmt":"2025-06-20T08:31:08","slug":"inicio","status":"publish","type":"page","link":"https:\/\/carniceriaivan.com\/eu\/","title":{"rendered":"Hasiera"},"content":{"rendered":"\t\t<div data-elementor-type=\"wp-page\" data-elementor-id=\"10\" class=\"elementor elementor-10\" data-elementor-post-type=\"page\">\n\t\t\t\t\t\t<section class=\"elementor-section elementor-top-section elementor-element elementor-element-bb0a744 elementor-section-full_width elementor-section-height-default elementor-section-height-default\" data-id=\"bb0a744\" data-element_type=\"section\" data-e-type=\"section\" data-settings=\"{&quot;background_background&quot;:&quot;classic&quot;,&quot;background_motion_fx_motion_fx_scrolling&quot;:&quot;yes&quot;,&quot;background_motion_fx_devices&quot;:[&quot;desktop&quot;,&quot;tablet&quot;,&quot;mobile&quot;]}\">\n\t\t\t\t\t\t\t<div class=\"elementor-background-overlay\"><\/div>\n\t\t\t\t\t\t\t<div class=\"elementor-container elementor-column-gap-default\">\n\t\t\t\t\t<div class=\"elementor-column elementor-col-100 elementor-top-column elementor-element elementor-element-23c5d22\" data-id=\"23c5d22\" data-element_type=\"column\" data-e-type=\"column\">\n\t\t\t<div class=\"elementor-widget-wrap elementor-element-populated\">\n\t\t\t\t\t\t<div class=\"elementor-element elementor-element-553bb19 elementor-invisible elementor-widget elementor-widget-heading\" data-id=\"553bb19\" data-element_type=\"widget\" data-e-type=\"widget\" data-settings=\"{&quot;_animation&quot;:&quot;fadeIn&quot;}\" data-widget_type=\"heading.default\">\n\t\t\t\t<div class=\"elementor-widget-container\">\n\t\t\t\t\t<h1 class=\"elementor-heading-title elementor-size-default\">Carnicer\u00eda Iv\u00e1n<\/h1>\t\t\t\t<\/div>\n\t\t\t\t<\/div>\n\t\t\t\t<section class=\"elementor-section elementor-inner-section elementor-element elementor-element-f3c75b0 elementor-section-boxed elementor-section-height-default elementor-section-height-default\" data-id=\"f3c75b0\" data-element_type=\"section\" data-e-type=\"section\">\n\t\t\t\t\t\t<div class=\"elementor-container elementor-column-gap-default\">\n\t\t\t\t\t<div class=\"elementor-column elementor-col-100 elementor-inner-column elementor-element elementor-element-bcc4fe3\" data-id=\"bcc4fe3\" data-element_type=\"column\" data-e-type=\"column\">\n\t\t\t<div class=\"elementor-widget-wrap elementor-element-populated\">\n\t\t\t\t\t\t<div class=\"elementor-element elementor-element-e4b67d5 elementor-invisible elementor-widget elementor-widget-text-editor\" data-id=\"e4b67d5\" data-element_type=\"widget\" data-e-type=\"widget\" data-settings=\"{&quot;_animation&quot;:&quot;fadeIn&quot;}\" data-widget_type=\"text-editor.default\">\n\t\t\t\t<div class=\"elementor-widget-container\">\n\t\t\t\t\t\t\t\t\t<p>Carnicer\u00eda de barrio la de toda la vida<\/p>\t\t\t\t\t\t\t\t<\/div>\n\t\t\t\t<\/div>\n\t\t\t\t\t<\/div>\n\t\t<\/div>\n\t\t\t\t\t<\/div>\n\t\t<\/section>\n\t\t\t\t\t<\/div>\n\t\t<\/div>\n\t\t\t\t\t<\/div>\n\t\t<\/section>\n\t\t\t\t<section class=\"elementor-section elementor-top-section elementor-element elementor-element-4895d1f elementor-section-boxed elementor-section-height-default elementor-section-height-default\" data-id=\"4895d1f\" data-element_type=\"section\" data-e-type=\"section\" data-settings=\"{&quot;background_background&quot;:&quot;classic&quot;}\">\n\t\t\t\t\t\t<div class=\"elementor-container elementor-column-gap-no\">\n\t\t\t\t\t<div class=\"elementor-column elementor-col-50 elementor-top-column elementor-element elementor-element-9a62101\" data-id=\"9a62101\" data-element_type=\"column\" data-e-type=\"column\">\n\t\t\t<div class=\"elementor-widget-wrap elementor-element-populated\">\n\t\t\t\t\t\t<div class=\"elementor-element elementor-element-d34fa80 elementor-invisible elementor-widget elementor-widget-heading\" data-id=\"d34fa80\" data-element_type=\"widget\" data-e-type=\"widget\" data-settings=\"{&quot;_animation&quot;:&quot;fadeInLeft&quot;}\" data-widget_type=\"heading.default\">\n\t\t\t\t<div class=\"elementor-widget-container\">\n\t\t\t\t\t<h2 class=\"elementor-heading-title elementor-size-default\">Sobre nosotros<\/h2>\t\t\t\t<\/div>\n\t\t\t\t<\/div>\n\t\t\t\t<div class=\"elementor-element elementor-element-1dae82a elementor-widget elementor-widget-text-editor\" data-id=\"1dae82a\" data-element_type=\"widget\" data-e-type=\"widget\" data-widget_type=\"text-editor.default\">\n\t\t\t\t<div class=\"elementor-widget-container\">\n\t\t\t\t\t\t\t\t\t<p>Carnicer\u00eda Iv\u00e1n es mucho m\u00e1s que una carnicer\u00eda: es tradici\u00f3n, cercan\u00eda y confianza. Llevamos a\u00f1os siendo parte del barrio, ofreciendo a nuestros vecinos los mejores productos c\u00e1rnicos, embutidos de calidad y preparados caseros hechos con mimo y experiencia.<\/p><p>Aqu\u00ed encontrar\u00e1s de todo: carne fresca de primera, embutidos selectos y una amplia variedad de elaborados listos para cocinar, siempre con el sabor de lo aut\u00e9ntico. Apostamos por el trato cercano, el producto local y la atenci\u00f3n personalizada que solo una carnicer\u00eda de barrio puede ofrecer.<\/p><p>Porque sabemos que la calidad no se improvisa, en Carnicer\u00eda Iv\u00e1n seguimos trabajando como siempre, para que disfrutes de lo mejor en tu mesa.<\/p>\t\t\t\t\t\t\t\t<\/div>\n\t\t\t\t<\/div>\n\t\t\t\t\t<\/div>\n\t\t<\/div>\n\t\t\t\t<div class=\"elementor-column elementor-col-50 elementor-top-column elementor-element elementor-element-efeb344\" data-id=\"efeb344\" data-element_type=\"column\" data-e-type=\"column\" data-settings=\"{&quot;background_background&quot;:&quot;classic&quot;}\">\n\t\t\t<div class=\"elementor-widget-wrap elementor-element-populated\">\n\t\t\t\t\t\t<div class=\"elementor-element elementor-element-cc94727 elementor-widget elementor-widget-image\" data-id=\"cc94727\" data-element_type=\"widget\" data-e-type=\"widget\" data-widget_type=\"image.default\">\n\t\t\t\t<div class=\"elementor-widget-container\">\n\t\t\t\t\t\t\t\t\t\t\t\t\t\t\t<img fetchpriority=\"high\" decoding=\"async\" width=\"1500\" height=\"1000\" src=\"https:\/\/carniceriaivan.com\/wp-content\/uploads\/2025\/06\/1524.jpg\" class=\"attachment-full size-full wp-image-115\" alt=\"\" srcset=\"https:\/\/carniceriaivan.com\/wp-content\/uploads\/2025\/06\/1524.jpg 1500w, https:\/\/carniceriaivan.com\/wp-content\/uploads\/2025\/06\/1524-300x200.jpg 300w, https:\/\/carniceriaivan.com\/wp-content\/uploads\/2025\/06\/1524-1024x683.jpg 1024w, https:\/\/carniceriaivan.com\/wp-content\/uploads\/2025\/06\/1524-768x512.jpg 768w, https:\/\/carniceriaivan.com\/wp-content\/uploads\/2025\/06\/1524-18x12.jpg 18w\" sizes=\"(max-width: 1500px) 100vw, 1500px\" \/>\t\t\t\t\t\t\t\t\t\t\t\t\t\t\t<\/div>\n\t\t\t\t<\/div>\n\t\t\t\t\t<\/div>\n\t\t<\/div>\n\t\t\t\t\t<\/div>\n\t\t<\/section>\n\t\t\t\t<section class=\"elementor-section elementor-top-section elementor-element elementor-element-4c8d522 elementor-section-full_width elementor-section-height-default elementor-section-height-default\" data-id=\"4c8d522\" data-element_type=\"section\" data-e-type=\"section\" data-settings=\"{&quot;background_background&quot;:&quot;classic&quot;}\">\n\t\t\t\t\t\t\t<div class=\"elementor-background-overlay\"><\/div>\n\t\t\t\t\t\t\t<div class=\"elementor-container elementor-column-gap-no\">\n\t\t\t\t\t<div class=\"elementor-column elementor-col-100 elementor-top-column elementor-element elementor-element-c539675\" data-id=\"c539675\" data-element_type=\"column\" data-e-type=\"column\">\n\t\t\t<div class=\"elementor-widget-wrap elementor-element-populated\">\n\t\t\t\t\t\t<section class=\"elementor-section elementor-inner-section elementor-element elementor-element-dfb710a elementor-section-full_width elementor-section-height-default elementor-section-height-default\" data-id=\"dfb710a\" data-element_type=\"section\" data-e-type=\"section\">\n\t\t\t\t\t\t<div class=\"elementor-container elementor-column-gap-no\">\n\t\t\t\t\t<div class=\"elementor-column elementor-col-100 elementor-inner-column elementor-element elementor-element-e783cff\" data-id=\"e783cff\" data-element_type=\"column\" data-e-type=\"column\">\n\t\t\t<div class=\"elementor-widget-wrap elementor-element-populated\">\n\t\t\t\t\t\t<div class=\"elementor-element elementor-element-e82b73a elementor-widget elementor-widget-heading\" data-id=\"e82b73a\" data-element_type=\"widget\" data-e-type=\"widget\" data-widget_type=\"heading.default\">\n\t\t\t\t<div class=\"elementor-widget-container\">\n\t\t\t\t\t<h2 class=\"elementor-heading-title elementor-size-default\">Sabor ib\u00e9rico, calidad excepcional. Te invitamos a conocer nuestros productos<\/h2>\t\t\t\t<\/div>\n\t\t\t\t<\/div>\n\t\t\t\t<div class=\"elementor-element elementor-element-b2e1fd7 elementor-align-center elementor-widget elementor-widget-button\" data-id=\"b2e1fd7\" data-element_type=\"widget\" data-e-type=\"widget\" data-widget_type=\"button.default\">\n\t\t\t\t<div class=\"elementor-widget-container\">\n\t\t\t\t\t\t\t\t\t<div class=\"elementor-button-wrapper\">\n\t\t\t\t\t<a class=\"elementor-button elementor-button-link elementor-size-sm\" href=\"https:\/\/carniceriaivan.com\/productos\/\">\n\t\t\t\t\t\t<span class=\"elementor-button-content-wrapper\">\n\t\t\t\t\t\t\t\t\t<span class=\"elementor-button-text\">Productos<\/span>\n\t\t\t\t\t<\/span>\n\t\t\t\t\t<\/a>\n\t\t\t\t<\/div>\n\t\t\t\t\t\t\t\t<\/div>\n\t\t\t\t<\/div>\n\t\t\t\t\t<\/div>\n\t\t<\/div>\n\t\t\t\t\t<\/div>\n\t\t<\/section>\n\t\t\t\t\t<\/div>\n\t\t<\/div>\n\t\t\t\t\t<\/div>\n\t\t<\/section>\n\t\t\t\t<\/div>\n\t\t","protected":false},"excerpt":{"rendered":"<p>Carnicer\u00eda Iv\u00e1n Carnicer\u00eda de barrio la de toda la vida Sobre nosotros Carnicer\u00eda Iv\u00e1n es mucho m\u00e1s que una carnicer\u00eda: es tradici\u00f3n, cercan\u00eda y confianza. Llevamos a\u00f1os siendo parte del barrio, ofreciendo a nuestros vecinos los mejores productos c\u00e1rnicos, embutidos de calidad y preparados caseros hechos con mimo y experiencia. Aqu\u00ed encontrar\u00e1s de todo: carne [&hellip;]<\/p>\n","protected":false},"author":1,"featured_media":0,"parent":0,"menu_order":0,"comment_status":"closed","ping_status":"closed","template":"elementor_canvas","meta":{"footnotes":""},"class_list":["post-10","page","type-page","status-publish","hentry"],"yoast_head":"<!-- This site is optimized with the Yoast SEO plugin v27.3 - https:\/\/yoast.com\/product\/yoast-seo-wordpress\/ -->\n<title>Inicio - Carnicer\u00eda Iv\u00e1n<\/title>\n<meta name=\"robots\" content=\"index, follow, max-snippet:-1, max-image-preview:large, max-video-preview:-1\" \/>\n<link rel=\"canonical\" href=\"https:\/\/carniceriaivan.com\/eu\/\" \/>\n<meta property=\"og:locale\" content=\"en_US\" \/>\n<meta property=\"og:type\" content=\"article\" \/>\n<meta property=\"og:title\" content=\"Inicio - Carnicer\u00eda Iv\u00e1n\" \/>\n<meta property=\"og:description\" content=\"Carnicer\u00eda Iv\u00e1n Carnicer\u00eda de barrio la de toda la vida Sobre nosotros Carnicer\u00eda Iv\u00e1n es mucho m\u00e1s que una carnicer\u00eda: es tradici\u00f3n, cercan\u00eda y confianza. Llevamos a\u00f1os siendo parte del barrio, ofreciendo a nuestros vecinos los mejores productos c\u00e1rnicos, embutidos de calidad y preparados caseros hechos con mimo y experiencia. Aqu\u00ed encontrar\u00e1s de todo: carne [&hellip;]\" \/>\n<meta property=\"og:url\" content=\"https:\/\/carniceriaivan.com\/eu\/\" \/>\n<meta property=\"og:site_name\" content=\"Carnicer\u00eda Iv\u00e1n\" \/>\n<meta property=\"article:modified_time\" content=\"2025-06-20T08:31:08+00:00\" \/>\n<meta property=\"og:image\" content=\"https:\/\/carniceriaivan.com\/wp-content\/uploads\/2025\/06\/1524.jpg\" \/>\n<meta name=\"twitter:card\" content=\"summary_large_image\" \/>\n<meta name=\"twitter:label1\" content=\"Est. reading time\" \/>\n\t<meta name=\"twitter:data1\" content=\"1 minutua\" \/>\n<script type=\"application\/ld+json\" class=\"yoast-schema-graph\">{\"@context\":\"https:\\\/\\\/schema.org\",\"@graph\":[{\"@type\":\"WebPage\",\"@id\":\"https:\\\/\\\/carniceriaivan.com\\\/\",\"url\":\"https:\\\/\\\/carniceriaivan.com\\\/\",\"name\":\"Inicio - Carnicer\u00eda Iv\u00e1n\",\"isPartOf\":{\"@id\":\"https:\\\/\\\/carniceriaivan.com\\\/#website\"},\"primaryImageOfPage\":{\"@id\":\"https:\\\/\\\/carniceriaivan.com\\\/#primaryimage\"},\"image\":{\"@id\":\"https:\\\/\\\/carniceriaivan.com\\\/#primaryimage\"},\"thumbnailUrl\":\"https:\\\/\\\/carniceriaivan.com\\\/wp-content\\\/uploads\\\/2025\\\/06\\\/1524.jpg\",\"datePublished\":\"2025-06-19T16:02:06+00:00\",\"dateModified\":\"2025-06-20T08:31:08+00:00\",\"breadcrumb\":{\"@id\":\"https:\\\/\\\/carniceriaivan.com\\\/#breadcrumb\"},\"inLanguage\":\"eu\",\"potentialAction\":[{\"@type\":\"ReadAction\",\"target\":[\"https:\\\/\\\/carniceriaivan.com\\\/\"]}]},{\"@type\":\"ImageObject\",\"inLanguage\":\"eu\",\"@id\":\"https:\\\/\\\/carniceriaivan.com\\\/#primaryimage\",\"url\":\"https:\\\/\\\/carniceriaivan.com\\\/wp-content\\\/uploads\\\/2025\\\/06\\\/1524.jpg\",\"contentUrl\":\"https:\\\/\\\/carniceriaivan.com\\\/wp-content\\\/uploads\\\/2025\\\/06\\\/1524.jpg\"},{\"@type\":\"BreadcrumbList\",\"@id\":\"https:\\\/\\\/carniceriaivan.com\\\/#breadcrumb\",\"itemListElement\":[{\"@type\":\"ListItem\",\"position\":1,\"name\":\"Portada\",\"item\":\"https:\\\/\\\/carniceriaivan.com\\\/\"},{\"@type\":\"ListItem\",\"position\":2,\"name\":\"Inicio\"}]},{\"@type\":\"WebSite\",\"@id\":\"https:\\\/\\\/carniceriaivan.com\\\/#website\",\"url\":\"https:\\\/\\\/carniceriaivan.com\\\/\",\"name\":\"Carnicer\u00eda Iv\u00e1n\",\"description\":\"Todo tipo de Productos c\u00e1rnicos\",\"publisher\":{\"@id\":\"https:\\\/\\\/carniceriaivan.com\\\/#organization\"},\"potentialAction\":[{\"@type\":\"SearchAction\",\"target\":{\"@type\":\"EntryPoint\",\"urlTemplate\":\"https:\\\/\\\/carniceriaivan.com\\\/?s={search_term_string}\"},\"query-input\":{\"@type\":\"PropertyValueSpecification\",\"valueRequired\":true,\"valueName\":\"search_term_string\"}}],\"inLanguage\":\"eu\"},{\"@type\":\"Organization\",\"@id\":\"https:\\\/\\\/carniceriaivan.com\\\/#organization\",\"name\":\"Carnicer\u00eda Iv\u00e1n\",\"url\":\"https:\\\/\\\/carniceriaivan.com\\\/\",\"logo\":{\"@type\":\"ImageObject\",\"inLanguage\":\"eu\",\"@id\":\"https:\\\/\\\/carniceriaivan.com\\\/#\\\/schema\\\/logo\\\/image\\\/\",\"url\":\"https:\\\/\\\/carniceriaivan.com\\\/wp-content\\\/uploads\\\/2025\\\/06\\\/cropped-ziaboga-2.png\",\"contentUrl\":\"https:\\\/\\\/carniceriaivan.com\\\/wp-content\\\/uploads\\\/2025\\\/06\\\/cropped-ziaboga-2.png\",\"width\":500,\"height\":216,\"caption\":\"Carnicer\u00eda Iv\u00e1n\"},\"image\":{\"@id\":\"https:\\\/\\\/carniceriaivan.com\\\/#\\\/schema\\\/logo\\\/image\\\/\"}}]}<\/script>\n<!-- \/ Yoast SEO plugin. -->","yoast_head_json":{"title":"Inicio - Carnicer\u00eda Iv\u00e1n","robots":{"index":"index","follow":"follow","max-snippet":"max-snippet:-1","max-image-preview":"max-image-preview:large","max-video-preview":"max-video-preview:-1"},"canonical":"https:\/\/carniceriaivan.com\/eu\/","og_locale":"en_US","og_type":"article","og_title":"Inicio - Carnicer\u00eda Iv\u00e1n","og_description":"Carnicer\u00eda Iv\u00e1n Carnicer\u00eda de barrio la de toda la vida Sobre nosotros Carnicer\u00eda Iv\u00e1n es mucho m\u00e1s que una carnicer\u00eda: es tradici\u00f3n, cercan\u00eda y confianza. Llevamos a\u00f1os siendo parte del barrio, ofreciendo a nuestros vecinos los mejores productos c\u00e1rnicos, embutidos de calidad y preparados caseros hechos con mimo y experiencia. Aqu\u00ed encontrar\u00e1s de todo: carne [&hellip;]","og_url":"https:\/\/carniceriaivan.com\/eu\/","og_site_name":"Carnicer\u00eda Iv\u00e1n","article_modified_time":"2025-06-20T08:31:08+00:00","og_image":[{"url":"https:\/\/carniceriaivan.com\/wp-content\/uploads\/2025\/06\/1524.jpg","type":"","width":"","height":""}],"twitter_card":"summary_large_image","twitter_misc":{"Est. reading time":"1 minutua"},"schema":{"@context":"https:\/\/schema.org","@graph":[{"@type":"WebPage","@id":"https:\/\/carniceriaivan.com\/","url":"https:\/\/carniceriaivan.com\/","name":"Inicio - Carnicer\u00eda Iv\u00e1n","isPartOf":{"@id":"https:\/\/carniceriaivan.com\/#website"},"primaryImageOfPage":{"@id":"https:\/\/carniceriaivan.com\/#primaryimage"},"image":{"@id":"https:\/\/carniceriaivan.com\/#primaryimage"},"thumbnailUrl":"https:\/\/carniceriaivan.com\/wp-content\/uploads\/2025\/06\/1524.jpg","datePublished":"2025-06-19T16:02:06+00:00","dateModified":"2025-06-20T08:31:08+00:00","breadcrumb":{"@id":"https:\/\/carniceriaivan.com\/#breadcrumb"},"inLanguage":"eu","potentialAction":[{"@type":"ReadAction","target":["https:\/\/carniceriaivan.com\/"]}]},{"@type":"ImageObject","inLanguage":"eu","@id":"https:\/\/carniceriaivan.com\/#primaryimage","url":"https:\/\/carniceriaivan.com\/wp-content\/uploads\/2025\/06\/1524.jpg","contentUrl":"https:\/\/carniceriaivan.com\/wp-content\/uploads\/2025\/06\/1524.jpg"},{"@type":"BreadcrumbList","@id":"https:\/\/carniceriaivan.com\/#breadcrumb","itemListElement":[{"@type":"ListItem","position":1,"name":"Portada","item":"https:\/\/carniceriaivan.com\/"},{"@type":"ListItem","position":2,"name":"Inicio"}]},{"@type":"WebSite","@id":"https:\/\/carniceriaivan.com\/#website","url":"https:\/\/carniceriaivan.com\/","name":"Ivan harategia","description":"Todo tipo de Productos c\u00e1rnicos","publisher":{"@id":"https:\/\/carniceriaivan.com\/#organization"},"potentialAction":[{"@type":"SearchAction","target":{"@type":"EntryPoint","urlTemplate":"https:\/\/carniceriaivan.com\/?s={search_term_string}"},"query-input":{"@type":"PropertyValueSpecification","valueRequired":true,"valueName":"search_term_string"}}],"inLanguage":"eu"},{"@type":"Organization","@id":"https:\/\/carniceriaivan.com\/#organization","name":"Ivan harategia","url":"https:\/\/carniceriaivan.com\/","logo":{"@type":"ImageObject","inLanguage":"eu","@id":"https:\/\/carniceriaivan.com\/#\/schema\/logo\/image\/","url":"https:\/\/carniceriaivan.com\/wp-content\/uploads\/2025\/06\/cropped-ziaboga-2.png","contentUrl":"https:\/\/carniceriaivan.com\/wp-content\/uploads\/2025\/06\/cropped-ziaboga-2.png","width":500,"height":216,"caption":"Carnicer\u00eda Iv\u00e1n"},"image":{"@id":"https:\/\/carniceriaivan.com\/#\/schema\/logo\/image\/"}}]}},"_links":{"self":[{"href":"https:\/\/carniceriaivan.com\/eu\/wp-json\/wp\/v2\/pages\/10","targetHints":{"allow":["GET"]}}],"collection":[{"href":"https:\/\/carniceriaivan.com\/eu\/wp-json\/wp\/v2\/pages"}],"about":[{"href":"https:\/\/carniceriaivan.com\/eu\/wp-json\/wp\/v2\/types\/page"}],"author":[{"embeddable":true,"href":"https:\/\/carniceriaivan.com\/eu\/wp-json\/wp\/v2\/users\/1"}],"replies":[{"embeddable":true,"href":"https:\/\/carniceriaivan.com\/eu\/wp-json\/wp\/v2\/comments?post=10"}],"version-history":[{"count":49,"href":"https:\/\/carniceriaivan.com\/eu\/wp-json\/wp\/v2\/pages\/10\/revisions"}],"predecessor-version":[{"id":154,"href":"https:\/\/carniceriaivan.com\/eu\/wp-json\/wp\/v2\/pages\/10\/revisions\/154"}],"wp:attachment":[{"href":"https:\/\/carniceriaivan.com\/eu\/wp-json\/wp\/v2\/media?parent=10"}],"curies":[{"name":"wp","href":"https:\/\/api.w.org\/{rel}","templated":true}]}}